{"id":1225,"date":"2026-04-16T14:13:06","date_gmt":"2026-04-16T14:13:06","guid":{"rendered":"https:\/\/immobilieretdesign.fr\/?page_id=1225"},"modified":"2026-04-16T17:20:10","modified_gmt":"2026-04-16T17:20:10","slug":"ateliers-regard","status":"publish","type":"page","link":"https:\/\/immobilieretdesign.fr\/index.php\/ateliers-regard\/","title":{"rendered":"Atelier Regard"},"content":{"rendered":"\n<p><strong>Pourquoi les Ateliers Regard<\/strong><\/p>\n\n\n\n<p>Il y a des choses qu&rsquo;on apprend en faisant ce m\u00e9tier et qu&rsquo;on n&rsquo;enseigne nulle part.<\/p>\n\n\n\n<p>Comment un espace agit sur nous avant m\u00eame qu&rsquo;on s&rsquo;en rende compte. Comment la lumi\u00e8re transforme une pi\u00e8ce \u00e0 8h du matin et la rend m\u00e9connaissable \u00e0 18h. Comment une couleur peut resserrer un volume ou l&rsquo;ouvrir. Comment certains mat\u00e9riaux apaisent et d&rsquo;autres \u00e9puisent, sans qu&rsquo;on sache pourquoi.<\/p>\n\n\n\n<p>Pendant des ann\u00e9es j&rsquo;ai accompagn\u00e9 des projets de r\u00e9novation. J&rsquo;ai aussi form\u00e9 en Ayurveda, cette m\u00e9decine indienne qui apprend \u00e0 lire les environnements comme on lit un corps. Les deux m&rsquo;ont appris la m\u00eame chose : les espaces agissent sur nous. Profond\u00e9ment. Souvent sans qu&rsquo;on le remarque.<\/p>\n\n\n\n<p>J&rsquo;ai envie de transmettre ce regard.<\/p>\n\n\n\n<p>Pas dans un cours, pas dans une formation longue. Dans un espace de partage intime, en petit groupe, autour d&rsquo;un th\u00e8me concret : la lumi\u00e8re, les couleurs, les mati\u00e8res, le bien-\u00eatre dans l&rsquo;espace.<\/p>\n\n\n\n<p>C&rsquo;est le sens des Ateliers Regard. Un rendez-vous tous les deux mois, pour voir diff\u00e9remment.<\/p>\n\n\n\n<p>Sandrine Marguinot. La justesse d&rsquo;un lieu.<\/p>\n\n\n\n<h2 class=\"wp-block-heading\">Les prochains ateliers:<\/h2>\n\n\n\n<figure class=\"wp-block-image size-large is-resized\"><a href=\"https:\/\/immobilieretdesign.fr\/index.php\/la-lumiere-chez-soi\/\"><img decoding=\"async\" width=\"1024\" height=\"726\" data-src=\"https:\/\/immobilieretdesign.fr\/wp-content\/uploads\/2026\/04\/IMG_5733-1024x726.jpg\" alt=\"\" class=\"wp-image-1226 lazyload\" style=\"--smush-placeholder-width: 1024px; --smush-placeholder-aspect-ratio: 1024\/726;aspect-ratio:1.4105029102086195;width:274px;height:auto\" data-srcset=\"https:\/\/immobilieretdesign.fr\/wp-content\/uploads\/2026\/04\/IMG_5733-1024x726.jpg 1024w, https:\/\/immobilieretdesign.fr\/wp-content\/uploads\/2026\/04\/IMG_5733-300x213.jpg 300w, https:\/\/immobilieretdesign.fr\/wp-content\/uploads\/2026\/04\/IMG_5733-768x545.jpg 768w, https:\/\/immobilieretdesign.fr\/wp-content\/uploads\/2026\/04\/IMG_5733.jpg 1110w\" data-sizes=\"(max-width: 767px) 89vw, (max-width: 1000px) 54vw, (max-width: 1071px) 543px, 580px\" src=\"data:image\/svg+xml;base64,PHN2ZyB3aWR0aD0iMSIgaGVpZ2h0PSIxIiB4bWxucz0iaHR0cDovL3d3dy53My5vcmcvMjAwMC9zdmciPjwvc3ZnPg==\" \/><\/a><\/figure>\n\n\n\n<p>La lumi\u00e8re chez soi &#8211; 28 mai, Eysines <\/p>\n\n\n\n<p><strong>Prochainement<\/strong>  : Les couleurs, Les mati\u00e8res, Le bien-\u00eatre dans l&rsquo;espace. <\/p>\n\n\n\n<p><\/p>\n","protected":false},"excerpt":{"rendered":"<p>Pourquoi les Ateliers Regard Il y a des choses qu&rsquo;on apprend en faisant ce m\u00e9tier et qu&rsquo;on n&rsquo;enseigne nulle part. Comment un espace agit sur nous avant m\u00eame qu&rsquo;on s&rsquo;en rende compte. Comment la lumi\u00e8re transforme une pi\u00e8ce \u00e0 8h du matin et la rend m\u00e9connaissable \u00e0 18h. Comment une couleur peut resserrer un volume &hellip; <\/p>\n<p class=\"link-more\"><a href=\"https:\/\/immobilieretdesign.fr\/index.php\/ateliers-regard\/\" class=\"more-link\">Continuer la lecture<span class=\"screen-reader-text\"> de &laquo;&nbsp;Atelier Regard&nbsp;&raquo;<\/span><\/a><\/p>\n","protected":false},"author":1,"featured_media":0,"parent":0,"menu_order":0,"comment_status":"closed","ping_status":"closed","template":"","meta":{"footnotes":""},"class_list":["post-1225","page","type-page","status-publish","hentry"],"yoast_head":"<!-- This site is optimized with the Yoast SEO plugin v27.3 - https:\/\/yoast.com\/product\/yoast-seo-wordpress\/ -->\n<title>Atelier Regard - Sandrine Marguinot<\/title>\n<meta name=\"description\" content=\"Les Ateliers Regard sont des sessions de travail en petit groupe autour de la lumi\u00e8re, des couleurs, des mati\u00e8res et du bien-\u00eatre dans l&#039;espace. Par Sandrine Marguinot, architecte d&#039;int\u00e9rieur dans le M\u00e9doc et Bordeaux.\" \/>\n<meta name=\"robots\" content=\"index, follow, max-snippet:-1, max-image-preview:large, max-video-preview:-1\" \/>\n<link rel=\"canonical\" href=\"https:\/\/immobilieretdesign.fr\/index.php\/ateliers-regard\/\" \/>\n<meta property=\"og:locale\" content=\"fr_FR\" \/>\n<meta property=\"og:type\" content=\"article\" \/>\n<meta property=\"og:title\" content=\"Atelier Regard - Sandrine Marguinot\" \/>\n<meta property=\"og:description\" content=\"Les Ateliers Regard sont des sessions de travail en petit groupe autour de la lumi\u00e8re, des couleurs, des mati\u00e8res et du bien-\u00eatre dans l&#039;espace. Par Sandrine Marguinot, architecte d&#039;int\u00e9rieur dans le M\u00e9doc et Bordeaux.\" \/>\n<meta property=\"og:url\" content=\"https:\/\/immobilieretdesign.fr\/index.php\/ateliers-regard\/\" \/>\n<meta property=\"og:site_name\" content=\"Sandrine Marguinot\" \/>\n<meta property=\"article:modified_time\" content=\"2026-04-16T17:20:10+00:00\" \/>\n<meta property=\"og:image\" content=\"https:\/\/immobilieretdesign.fr\/wp-content\/uploads\/2026\/04\/IMG_5733.jpg\" \/>\n\t<meta property=\"og:image:width\" content=\"1110\" \/>\n\t<meta property=\"og:image:height\" content=\"787\" \/>\n\t<meta property=\"og:image:type\" content=\"image\/jpeg\" \/>\n<meta name=\"twitter:card\" content=\"summary_large_image\" \/>\n<meta name=\"twitter:label1\" content=\"Dur\u00e9e de lecture estim\u00e9e\" \/>\n\t<meta name=\"twitter:data1\" content=\"2 minutes\" \/>\n<script type=\"application\/ld+json\" class=\"yoast-schema-graph\">{\"@context\":\"https:\\\/\\\/schema.org\",\"@graph\":[{\"@type\":\"WebPage\",\"@id\":\"https:\\\/\\\/immobilieretdesign.fr\\\/index.php\\\/ateliers-regard\\\/\",\"url\":\"https:\\\/\\\/immobilieretdesign.fr\\\/index.php\\\/ateliers-regard\\\/\",\"name\":\"Atelier Regard - Sandrine Marguinot\",\"isPartOf\":{\"@id\":\"https:\\\/\\\/immobilieretdesign.fr\\\/#website\"},\"primaryImageOfPage\":{\"@id\":\"https:\\\/\\\/immobilieretdesign.fr\\\/index.php\\\/ateliers-regard\\\/#primaryimage\"},\"image\":{\"@id\":\"https:\\\/\\\/immobilieretdesign.fr\\\/index.php\\\/ateliers-regard\\\/#primaryimage\"},\"thumbnailUrl\":\"https:\\\/\\\/immobilieretdesign.fr\\\/wp-content\\\/uploads\\\/2026\\\/04\\\/IMG_5733-1024x726.jpg\",\"datePublished\":\"2026-04-16T14:13:06+00:00\",\"dateModified\":\"2026-04-16T17:20:10+00:00\",\"description\":\"Les Ateliers Regard sont des sessions de travail en petit groupe autour de la lumi\u00e8re, des couleurs, des mati\u00e8res et du bien-\u00eatre dans l'espace. Par Sandrine Marguinot, architecte d'int\u00e9rieur dans le M\u00e9doc et Bordeaux.\",\"breadcrumb\":{\"@id\":\"https:\\\/\\\/immobilieretdesign.fr\\\/index.php\\\/ateliers-regard\\\/#breadcrumb\"},\"inLanguage\":\"fr-FR\",\"potentialAction\":[{\"@type\":\"ReadAction\",\"target\":[\"https:\\\/\\\/immobilieretdesign.fr\\\/index.php\\\/ateliers-regard\\\/\"]}]},{\"@type\":\"ImageObject\",\"inLanguage\":\"fr-FR\",\"@id\":\"https:\\\/\\\/immobilieretdesign.fr\\\/index.php\\\/ateliers-regard\\\/#primaryimage\",\"url\":\"https:\\\/\\\/immobilieretdesign.fr\\\/wp-content\\\/uploads\\\/2026\\\/04\\\/IMG_5733.jpg\",\"contentUrl\":\"https:\\\/\\\/immobilieretdesign.fr\\\/wp-content\\\/uploads\\\/2026\\\/04\\\/IMG_5733.jpg\",\"width\":1110,\"height\":787,\"caption\":\"Screenshot\"},{\"@type\":\"BreadcrumbList\",\"@id\":\"https:\\\/\\\/immobilieretdesign.fr\\\/index.php\\\/ateliers-regard\\\/#breadcrumb\",\"itemListElement\":[{\"@type\":\"ListItem\",\"position\":1,\"name\":\"Accueil\",\"item\":\"https:\\\/\\\/immobilieretdesign.fr\\\/\"},{\"@type\":\"ListItem\",\"position\":2,\"name\":\"Atelier Regard\"}]},{\"@type\":\"WebSite\",\"@id\":\"https:\\\/\\\/immobilieretdesign.fr\\\/#website\",\"url\":\"https:\\\/\\\/immobilieretdesign.fr\\\/\",\"name\":\"Sandrine Marguinot\",\"description\":\"Architecture d&#039;int\u00e9rieure - Lecture et valorisation des lieux\",\"potentialAction\":[{\"@type\":\"SearchAction\",\"target\":{\"@type\":\"EntryPoint\",\"urlTemplate\":\"https:\\\/\\\/immobilieretdesign.fr\\\/?s={search_term_string}\"},\"query-input\":{\"@type\":\"PropertyValueSpecification\",\"valueRequired\":true,\"valueName\":\"search_term_string\"}}],\"inLanguage\":\"fr-FR\"}]}<\/script>\n<!-- \/ Yoast SEO plugin. -->","yoast_head_json":{"title":"Atelier Regard - Sandrine Marguinot","description":"Les Ateliers Regard sont des sessions de travail en petit groupe autour de la lumi\u00e8re, des couleurs, des mati\u00e8res et du bien-\u00eatre dans l'espace. Par Sandrine Marguinot, architecte d'int\u00e9rieur dans le M\u00e9doc et Bordeaux.","robots":{"index":"index","follow":"follow","max-snippet":"max-snippet:-1","max-image-preview":"max-image-preview:large","max-video-preview":"max-video-preview:-1"},"canonical":"https:\/\/immobilieretdesign.fr\/index.php\/ateliers-regard\/","og_locale":"fr_FR","og_type":"article","og_title":"Atelier Regard - Sandrine Marguinot","og_description":"Les Ateliers Regard sont des sessions de travail en petit groupe autour de la lumi\u00e8re, des couleurs, des mati\u00e8res et du bien-\u00eatre dans l'espace. Par Sandrine Marguinot, architecte d'int\u00e9rieur dans le M\u00e9doc et Bordeaux.","og_url":"https:\/\/immobilieretdesign.fr\/index.php\/ateliers-regard\/","og_site_name":"Sandrine Marguinot","article_modified_time":"2026-04-16T17:20:10+00:00","og_image":[{"width":1110,"height":787,"url":"https:\/\/immobilieretdesign.fr\/wp-content\/uploads\/2026\/04\/IMG_5733.jpg","type":"image\/jpeg"}],"twitter_card":"summary_large_image","twitter_misc":{"Dur\u00e9e de lecture estim\u00e9e":"2 minutes"},"schema":{"@context":"https:\/\/schema.org","@graph":[{"@type":"WebPage","@id":"https:\/\/immobilieretdesign.fr\/index.php\/ateliers-regard\/","url":"https:\/\/immobilieretdesign.fr\/index.php\/ateliers-regard\/","name":"Atelier Regard - Sandrine Marguinot","isPartOf":{"@id":"https:\/\/immobilieretdesign.fr\/#website"},"primaryImageOfPage":{"@id":"https:\/\/immobilieretdesign.fr\/index.php\/ateliers-regard\/#primaryimage"},"image":{"@id":"https:\/\/immobilieretdesign.fr\/index.php\/ateliers-regard\/#primaryimage"},"thumbnailUrl":"https:\/\/immobilieretdesign.fr\/wp-content\/uploads\/2026\/04\/IMG_5733-1024x726.jpg","datePublished":"2026-04-16T14:13:06+00:00","dateModified":"2026-04-16T17:20:10+00:00","description":"Les Ateliers Regard sont des sessions de travail en petit groupe autour de la lumi\u00e8re, des couleurs, des mati\u00e8res et du bien-\u00eatre dans l'espace. Par Sandrine Marguinot, architecte d'int\u00e9rieur dans le M\u00e9doc et Bordeaux.","breadcrumb":{"@id":"https:\/\/immobilieretdesign.fr\/index.php\/ateliers-regard\/#breadcrumb"},"inLanguage":"fr-FR","potentialAction":[{"@type":"ReadAction","target":["https:\/\/immobilieretdesign.fr\/index.php\/ateliers-regard\/"]}]},{"@type":"ImageObject","inLanguage":"fr-FR","@id":"https:\/\/immobilieretdesign.fr\/index.php\/ateliers-regard\/#primaryimage","url":"https:\/\/immobilieretdesign.fr\/wp-content\/uploads\/2026\/04\/IMG_5733.jpg","contentUrl":"https:\/\/immobilieretdesign.fr\/wp-content\/uploads\/2026\/04\/IMG_5733.jpg","width":1110,"height":787,"caption":"Screenshot"},{"@type":"BreadcrumbList","@id":"https:\/\/immobilieretdesign.fr\/index.php\/ateliers-regard\/#breadcrumb","itemListElement":[{"@type":"ListItem","position":1,"name":"Accueil","item":"https:\/\/immobilieretdesign.fr\/"},{"@type":"ListItem","position":2,"name":"Atelier Regard"}]},{"@type":"WebSite","@id":"https:\/\/immobilieretdesign.fr\/#website","url":"https:\/\/immobilieretdesign.fr\/","name":"Sandrine Marguinot","description":"Architecture d&#039;int\u00e9rieure - Lecture et valorisation des lieux","potentialAction":[{"@type":"SearchAction","target":{"@type":"EntryPoint","urlTemplate":"https:\/\/immobilieretdesign.fr\/?s={search_term_string}"},"query-input":{"@type":"PropertyValueSpecification","valueRequired":true,"valueName":"search_term_string"}}],"inLanguage":"fr-FR"}]}},"_links":{"self":[{"href":"https:\/\/immobilieretdesign.fr\/index.php\/wp-json\/wp\/v2\/pages\/1225","targetHints":{"allow":["GET"]}}],"collection":[{"href":"https:\/\/immobilieretdesign.fr\/index.php\/wp-json\/wp\/v2\/pages"}],"about":[{"href":"https:\/\/immobilieretdesign.fr\/index.php\/wp-json\/wp\/v2\/types\/page"}],"author":[{"embeddable":true,"href":"https:\/\/immobilieretdesign.fr\/index.php\/wp-json\/wp\/v2\/users\/1"}],"replies":[{"embeddable":true,"href":"https:\/\/immobilieretdesign.fr\/index.php\/wp-json\/wp\/v2\/comments?post=1225"}],"version-history":[{"count":10,"href":"https:\/\/immobilieretdesign.fr\/index.php\/wp-json\/wp\/v2\/pages\/1225\/revisions"}],"predecessor-version":[{"id":1249,"href":"https:\/\/immobilieretdesign.fr\/index.php\/wp-json\/wp\/v2\/pages\/1225\/revisions\/1249"}],"wp:attachment":[{"href":"https:\/\/immobilieretdesign.fr\/index.php\/wp-json\/wp\/v2\/media?parent=1225"}],"curies":[{"name":"wp","href":"https:\/\/api.w.org\/{rel}","templated":true}]}}